{"id":4426,"date":"2026-01-15T13:40:26","date_gmt":"2026-01-15T13:40:26","guid":{"rendered":"https:\/\/market.ichararts.com\/?post_type=product&#038;p=4426"},"modified":"2026-02-15T17:09:14","modified_gmt":"2026-02-15T17:09:14","slug":"joker","status":"publish","type":"product","link":"https:\/\/market.ichararts.com\/fr\/produit\/joker\/","title":{"rendered":"JOKER"},"content":{"rendered":"<p><strong><span dir=\"auto\" style=\"vertical-align: inherit;\"><span dir=\"auto\" style=\"vertical-align: inherit;\">\u0152uvre d&#8217;art originale<\/span><\/span><\/strong><span dir=\"auto\" style=\"vertical-align: inherit;\"><span dir=\"auto\" style=\"vertical-align: inherit;\"> (One Of A Kind) Peinture, Huile \/ Acrylique \/ Bombe a\u00e9rosol \/ Crayon sur Toile <\/span><\/span><br \/>\n<strong><span dir=\"auto\" style=\"vertical-align: inherit;\"><span dir=\"auto\" style=\"vertical-align: inherit;\">Dimensions<\/span><\/span><\/strong><span dir=\"auto\" style=\"vertical-align: inherit;\"><span dir=\"auto\" style=\"vertical-align: inherit;\"> Hauteur 50cm, Largeur 50cm <\/span><\/span><br \/>\n<strong><span dir=\"auto\" style=\"vertical-align: inherit;\"><span dir=\"auto\" style=\"vertical-align: inherit;\">Encadrement<\/span><\/span><\/strong><span dir=\"auto\" style=\"vertical-align: inherit;\"><span dir=\"auto\" style=\"vertical-align: inherit;\"> Cette \u0153uvre n&#8217;est pas encadr\u00e9e <\/span><\/span><br \/>\n<span dir=\"auto\" style=\"vertical-align: inherit;\"><span dir=\"auto\" style=\"vertical-align: inherit;\">Cat\u00e9gories Peintures \u00e0 moins de 5 000 \u20ac <\/span><\/span><strong><span dir=\"auto\" style=\"vertical-align: inherit;\"><span dir=\"auto\" style=\"vertical-align: inherit;\">Street Art <\/span><\/span><\/strong> <strong><span dir=\"auto\" style=\"vertical-align: inherit;\"><span dir=\"auto\" style=\"vertical-align: inherit;\">Graffiti <\/span><\/span><\/strong><br \/>\n<strong><span dir=\"auto\" style=\"vertical-align: inherit;\"><span dir=\"auto\" style=\"vertical-align: inherit;\">\u00c0 propos de l&#8217;\u0153uvre :<\/span><\/span><\/strong><span dir=\"auto\" style=\"vertical-align: inherit;\"><span dir=\"auto\" style=\"vertical-align: inherit;\"> Cette \u0153uvre est non encadr\u00e9e. Taille 50 x 50 x cm. huile sur toile 100% peinte \u00e0 la main et \u00e0 la spatule . \u0152uvre unique et originale, sign\u00e9e et dat\u00e9e, fournie avec un certificat d&#8217;authenticit\u00e9. <\/span><\/span><br \/>\n<span dir=\"auto\" style=\"vertical-align: inherit;\"><span dir=\"auto\" style=\"vertical-align: inherit;\">Peinte en FRANCE. Pr\u00eate \u00e0 accrocher. Toile peinte de haute qualit\u00e9. Couleurs huile de qualit\u00e9 sup\u00e9rieure plus bombe a\u00e9rosol Molotow. <\/span><\/span><br \/>\n<strong><span dir=\"auto\" style=\"vertical-align: inherit;\"><span dir=\"auto\" style=\"vertical-align: inherit;\">\u00c0 propos de cette \u0153uvre :<\/span><\/span><\/strong><span dir=\"auto\" style=\"vertical-align: inherit;\"><span dir=\"auto\" style=\"vertical-align: inherit;\"> Classification, Techniques &amp; Styles <\/span><\/span><br \/>\n<span dir=\"auto\" style=\"vertical-align: inherit;\"><span dir=\"auto\" style=\"vertical-align: inherit;\">Huile <\/span><\/span><br \/>\n<span dir=\"auto\" style=\"vertical-align: inherit;\"><span dir=\"auto\" style=\"vertical-align: inherit;\">Peinture compos\u00e9e de pigments li\u00e9s avec de l&#8217;huile de lin ou d&#8217;\u0153illettes. La technique traditionnelle consiste \u00e0 superposer des couches de peinture de plus en plus riche en huile pour un accroche solide et durable. <\/span><\/span><br \/>\n<span dir=\"auto\" style=\"vertical-align: inherit;\"><span dir=\"auto\" style=\"vertical-align: inherit;\">Acrylique <\/span><\/span><br \/>\n<span dir=\"auto\" style=\"vertical-align: inherit;\"><span dir=\"auto\" style=\"vertical-align: inherit;\">Peinture utilisant des pigments traditionnels m\u00e9lang\u00e9s \u00e0 des r\u00e9sines synth\u00e9tiques.<\/span><\/span><\/p>\n<p><strong><span dir=\"auto\" style=\"vertical-align: inherit;\"><span dir=\"auto\" style=\"vertical-align: inherit;\">Technique Peinture <\/span><\/span><\/strong><br \/>\n<span dir=\"auto\" style=\"vertical-align: inherit;\"><span dir=\"auto\" style=\"vertical-align: inherit;\">La peinture est une forme d&#8217;art consistant \u00e0 peindre sur une surface en y appliquant esth\u00e9tiquement des fluides color\u00e9s. Les artistes peintres repr\u00e9sentent une expression tr\u00e8s personnelle sur des supports tels que le papier, la roche, la toile, le bois, l&#8217;\u00e9corce, le verre, le b\u00e9ton et bien d&#8217;autres subjectiles. Ouvrage de repr\u00e9sentation ou d&#8217;invention, la peinture peut \u00eatre naturaliste et figurative, ou abstraite. Elle peut avoir un contenu narratif, descriptif, symbolique, spirituel ou philosophique.<\/span><\/span><\/p>","protected":false},"excerpt":{"rendered":"<p><span dir=\"auto\" style=\"vertical-align: inherit;\"><span dir=\"auto\" style=\"vertical-align: inherit;\">\u0152uvre d&#8217;art originale (One Of A Kind) Peinture, Huile \/ Acrylique \/ Bombe a\u00e9rosol \/ Crayon sur Toile <\/span><\/span><br \/>\n<span dir=\"auto\" style=\"vertical-align: inherit;\"><span dir=\"auto\" style=\"vertical-align: inherit;\">Dimensions Hauteur 50cm, Largeur 50cm <\/span><\/span><br \/>\n<span dir=\"auto\" style=\"vertical-align: inherit;\"><span dir=\"auto\" style=\"vertical-align: inherit;\">Encadrement Cette \u0153uvre n&#8217;est pas encadr\u00e9e <\/span><\/span><br \/>\n<span dir=\"auto\" style=\"vertical-align: inherit;\"><span dir=\"auto\" style=\"vertical-align: inherit;\">Cat\u00e9gories Peintures \u00e0 moins de 5 000 \u20ac Street Art Graffiti <\/span><\/span><br \/>\n<span dir=\"auto\" style=\"vertical-align: inherit;\"><span dir=\"auto\" style=\"vertical-align: inherit;\">\u00c0 propos de l&#8217;\u0153uvre : Cette \u0153uvre est non encadr\u00e9e. Taille 50 x 50 x cm. huile sur toile 100% peinte \u00e0 la main et \u00e0 la spatule . \u0152uvre unique et originale, sign\u00e9e et dat\u00e9e, fournie avec un certificat d&#8217;authenticit\u00e9. <\/span><\/span><br \/>\n<span dir=\"auto\" style=\"vertical-align: inherit;\"><span dir=\"auto\" style=\"vertical-align: inherit;\">Peinte en FRANCE. Pr\u00eate \u00e0 accrocher. Toile peinte de haute qualit\u00e9. Couleurs huile de qualit\u00e9 sup\u00e9rieure plus bombe a\u00e9rosol Molotow. <\/span><\/span><br \/>\n<span dir=\"auto\" style=\"vertical-align: inherit;\"><span dir=\"auto\" style=\"vertical-align: inherit;\">\u00c0 propos de cette \u0153uvre : Classification, Techniques &amp; Styles <\/span><\/span><br \/>\n<span dir=\"auto\" style=\"vertical-align: inherit;\"><span dir=\"auto\" style=\"vertical-align: inherit;\">Huile <\/span><\/span><br \/>\n<span dir=\"auto\" style=\"vertical-align: inherit;\"><span dir=\"auto\" style=\"vertical-align: inherit;\">Peinture compos\u00e9e de pigments li\u00e9s avec de l&#8217;huile de lin ou d&#8217;\u0153illettes. La technique traditionnelle consiste \u00e0 superposer des couches de peinture de plus en plus riche en huile pour un accroche solide et durable. <\/span><\/span><br \/>\n<span dir=\"auto\" style=\"vertical-align: inherit;\"><span dir=\"auto\" style=\"vertical-align: inherit;\">Acrylique <\/span><\/span><br \/>\n<span dir=\"auto\" style=\"vertical-align: inherit;\"><span dir=\"auto\" style=\"vertical-align: inherit;\">Peinture utilisant des pigments traditionnels m\u00e9lang\u00e9s \u00e0 des r\u00e9sines synth\u00e9tiques.<\/span><\/span><\/p>\n<p><span dir=\"auto\" style=\"vertical-align: inherit;\"><span dir=\"auto\" style=\"vertical-align: inherit;\">Technique Peinture <\/span><\/span><br \/>\n<span dir=\"auto\" style=\"vertical-align: inherit;\"><span dir=\"auto\" style=\"vertical-align: inherit;\">La peinture est une forme d&#8217;art consistant \u00e0 peindre sur une surface en y appliquant esth\u00e9tiquement des fluides color\u00e9s. Les artistes peintres repr\u00e9sentent une expression tr\u00e8s personnelle sur des supports tels que le papier, la roche, la toile, le bois, l&#8217;\u00e9corce, le verre, le b\u00e9ton et bien d&#8217;autres subjectiles. Ouvrage de repr\u00e9sentation ou d&#8217;invention, la peinture peut \u00eatre naturaliste et figurative, ou abstraite. Elle peut avoir un contenu narratif, descriptif, symbolique, spirituel ou philosophique.<\/span><\/span><\/p>","protected":false},"featured_media":4427,"comment_status":"open","ping_status":"closed","template":"","meta":{"_acf_changed":false},"product_brand":[],"product_cat":[111,44],"product_tag":[],"class_list":{"0":"post-4426","1":"product","2":"type-product","3":"status-publish","4":"has-post-thumbnail","6":"product_cat-original-tableaux-2","7":"product_cat-reproductions","9":"first","10":"instock","11":"shipping-taxable","12":"purchasable","13":"product-type-simple"},"acf":{"choi\u0441e_menu_page":"global_settings","full_width":false,"header_transparent":false,"header_white":false,"menu_type_page":"default","menu_align_page":"default"},"_links":{"self":[{"href":"https:\/\/market.ichararts.com\/fr\/wp-json\/wp\/v2\/product\/4426","targetHints":{"allow":["GET"]}}],"collection":[{"href":"https:\/\/market.ichararts.com\/fr\/wp-json\/wp\/v2\/product"}],"about":[{"href":"https:\/\/market.ichararts.com\/fr\/wp-json\/wp\/v2\/types\/product"}],"replies":[{"embeddable":true,"href":"https:\/\/market.ichararts.com\/fr\/wp-json\/wp\/v2\/comments?post=4426"}],"version-history":[{"count":4,"href":"https:\/\/market.ichararts.com\/fr\/wp-json\/wp\/v2\/product\/4426\/revisions"}],"predecessor-version":[{"id":5477,"href":"https:\/\/market.ichararts.com\/fr\/wp-json\/wp\/v2\/product\/4426\/revisions\/5477"}],"wp:featuredmedia":[{"embeddable":true,"href":"https:\/\/market.ichararts.com\/fr\/wp-json\/wp\/v2\/media\/4427"}],"wp:attachment":[{"href":"https:\/\/market.ichararts.com\/fr\/wp-json\/wp\/v2\/media?parent=4426"}],"wp:term":[{"taxonomy":"product_brand","embeddable":true,"href":"https:\/\/market.ichararts.com\/fr\/wp-json\/wp\/v2\/product_brand?post=4426"},{"taxonomy":"product_cat","embeddable":true,"href":"https:\/\/market.ichararts.com\/fr\/wp-json\/wp\/v2\/product_cat?post=4426"},{"taxonomy":"product_tag","embeddable":true,"href":"https:\/\/market.ichararts.com\/fr\/wp-json\/wp\/v2\/product_tag?post=4426"}],"curies":[{"name":"wp","href":"https:\/\/api.w.org\/{rel}","templated":true}]}}