{"id":4433,"date":"2026-01-15T14:08:30","date_gmt":"2026-01-15T14:08:30","guid":{"rendered":"https:\/\/market.ichararts.com\/?post_type=product&#038;p=4433"},"modified":"2026-01-18T14:53:02","modified_gmt":"2026-01-18T14:53:02","slug":"gnawas","status":"publish","type":"product","link":"https:\/\/market.ichararts.com\/fr\/produit\/gnawas\/","title":{"rendered":"Gnawas"},"content":{"rendered":"<p><strong>\u0152uvre d&#8217;art originale<\/strong> (One Of A Kind) Peinture, Acrylique \/ Huile \/ Bombe a\u00e9rosol sur Toile de lin<br \/>\n<strong>Dimensions<\/strong> Hauteur 100cm, Largeur 100cm<br \/>\n<strong>Encadrement<\/strong> Cette \u0153uvre n&#8217;est pas encadr\u00e9e<br \/>\n<strong>Cat\u00e9gories<\/strong> Peintures \u00e0 moins de 5\u202f000 \u20ac <strong>Abstrait<\/strong><br \/>\nLes Gnaoua (sing. Gnaoui, transcrit aussi sous l&#8217;orthographe Gnaua, Gnawa, Guenaua, etc.), d\u00e9signent en l&#8217;Alg\u00e9rie, au Maroc et dans d&#8217;autres endroits du Maghreb les membres d&#8217;origine d&#8217;Afrique sub-saharienne, principalement des descendants d&#8217;esclaves, rassembl\u00e9s dans des confr\u00e9ries musulmanes mystiques dans lesquelles la transe joue un r\u00f4le important.<br \/>\n<strong>\u00c0 propos de cette \u0153uvre:<\/strong> Classification, Techniques &amp; Styles<br \/>\nAcrylique<br \/>\nPeinture utilisant des pigments traditionnels m\u00e9lang\u00e9s \u00e0 des r\u00e9sines synth\u00e9tiques.<\/p>\n<p><strong>Huile<\/strong><br \/>\nPeinture compos\u00e9e de pigments li\u00e9s avec de l\u2019huile de lin ou d&#8217;\u0153illettes. La technique traditionnelle consiste \u00e0 superposer des couches de peinture de plus en plus riche en huile pour une accroche solide et durable.<br \/>\n<strong>Technique Peinture<\/strong><br \/>\nLa peinture est une forme d&#8217;art consistant \u00e0 peindre sur une surface en y appliquant esth\u00e9tiquement des fluides color\u00e9s. Les artistes peintres repr\u00e9sentent une expression tr\u00e8s personnelle sur des supports tels que le papier, la roche, la toile, le bois, l&#8217;\u00e9corce, le verre, le b\u00e9ton et bien d&#8217;autres subjectiles. Ouvrage de repr\u00e9sentation ou d&#8217;invention, la peinture peut \u00eatre naturaliste et figurative, ou abstraite. Elle peut avoir un contenu narratif, descriptif, symbolique, spirituel, ou philosophique.<\/p>","protected":false},"excerpt":{"rendered":"<p><strong>\u0152uvre d&#8217;art originale<\/strong> (One Of A Kind) Peinture, Acrylique \/ Huile \/ Bombe a\u00e9rosol sur Toile de lin<br \/>\n<strong>Dimensions<\/strong> Hauteur 100cm, Largeur 100cm<br \/>\n<strong>Encadrement<\/strong> Cette \u0153uvre n&#8217;est pas encadr\u00e9e<br \/>\n<strong>Cat\u00e9gories<\/strong> <strong>Reproductions<\/strong> <strong>Abstrait<\/strong><br \/>\nLes Gnaoua (sing. Gnaoui, transcrit aussi sous l&#8217;orthographe Gnaua, Gnawa, Guenaua, etc.), d\u00e9signent en l&#8217;Alg\u00e9rie, au Maroc et dans d&#8217;autres endroits du Maghreb les membres d&#8217;origine d&#8217;Afrique sub-saharienne, principalement des descendants d&#8217;esclaves, rassembl\u00e9s dans des confr\u00e9ries musulmanes mystiques dans lesquelles la transe joue un r\u00f4le important.<br \/>\n<strong>\u00c0 propos de cette \u0153uvre:<\/strong> Classification, Techniques &amp; Styles<br \/>\nAcrylique<br \/>\nPeinture utilisant des pigments traditionnels m\u00e9lang\u00e9s \u00e0 des r\u00e9sines synth\u00e9tiques.<\/p>\n<p><strong>Huile<\/strong><br \/>\nPeinture compos\u00e9e de pigments li\u00e9s avec de l\u2019huile de lin ou d&#8217;\u0153illettes. La technique traditionnelle consiste \u00e0 superposer des couches de peinture de plus en plus riche en huile pour une accroche solide et durable.<br \/>\n<strong>Technique Peinture<\/strong><br \/>\nLa peinture est une forme d&#8217;art consistant \u00e0 peindre sur une surface en y appliquant esth\u00e9tiquement des fluides color\u00e9s. Les artistes peintres repr\u00e9sentent une expression tr\u00e8s personnelle sur des supports tels que le papier, la roche, la toile, le bois, l&#8217;\u00e9corce, le verre, le b\u00e9ton et bien d&#8217;autres subjectiles. Ouvrage de repr\u00e9sentation ou d&#8217;invention, la peinture peut \u00eatre naturaliste et figurative, ou abstraite. Elle peut avoir un contenu narratif, descriptif, symbolique, spirituel, ou philosophique.<\/p>","protected":false},"featured_media":4434,"comment_status":"open","ping_status":"closed","template":"","meta":{"_acf_changed":false},"product_brand":[],"product_cat":[44],"product_tag":[],"class_list":{"0":"post-4433","1":"product","2":"type-product","3":"status-publish","4":"has-post-thumbnail","6":"product_cat-reproductions","8":"first","9":"instock","10":"sale","11":"shipping-taxable","12":"purchasable","13":"product-type-variable","14":"has-default-attributes"},"acf":{"choi\u0441e_menu_page":"global_settings","full_width":false,"header_transparent":false,"header_white":false,"menu_type_page":"default","menu_align_page":"default"},"_links":{"self":[{"href":"https:\/\/market.ichararts.com\/fr\/wp-json\/wp\/v2\/product\/4433","targetHints":{"allow":["GET"]}}],"collection":[{"href":"https:\/\/market.ichararts.com\/fr\/wp-json\/wp\/v2\/product"}],"about":[{"href":"https:\/\/market.ichararts.com\/fr\/wp-json\/wp\/v2\/types\/product"}],"replies":[{"embeddable":true,"href":"https:\/\/market.ichararts.com\/fr\/wp-json\/wp\/v2\/comments?post=4433"}],"version-history":[{"count":4,"href":"https:\/\/market.ichararts.com\/fr\/wp-json\/wp\/v2\/product\/4433\/revisions"}],"predecessor-version":[{"id":4663,"href":"https:\/\/market.ichararts.com\/fr\/wp-json\/wp\/v2\/product\/4433\/revisions\/4663"}],"wp:featuredmedia":[{"embeddable":true,"href":"https:\/\/market.ichararts.com\/fr\/wp-json\/wp\/v2\/media\/4434"}],"wp:attachment":[{"href":"https:\/\/market.ichararts.com\/fr\/wp-json\/wp\/v2\/media?parent=4433"}],"wp:term":[{"taxonomy":"product_brand","embeddable":true,"href":"https:\/\/market.ichararts.com\/fr\/wp-json\/wp\/v2\/product_brand?post=4433"},{"taxonomy":"product_cat","embeddable":true,"href":"https:\/\/market.ichararts.com\/fr\/wp-json\/wp\/v2\/product_cat?post=4433"},{"taxonomy":"product_tag","embeddable":true,"href":"https:\/\/market.ichararts.com\/fr\/wp-json\/wp\/v2\/product_tag?post=4433"}],"curies":[{"name":"wp","href":"https:\/\/api.w.org\/{rel}","templated":true}]}}