{"id":4664,"date":"2026-01-15T17:56:26","date_gmt":"2026-01-15T17:56:26","guid":{"rendered":"https:\/\/market.ichararts.com\/?post_type=product&#038;p=4664"},"modified":"2026-01-15T18:43:37","modified_gmt":"2026-01-15T18:43:37","slug":"memoire-du-desert","status":"publish","type":"product","link":"https:\/\/market.ichararts.com\/fr\/produit\/memoire-du-desert\/","title":{"rendered":"M\u00e9moire du D\u00e9sert"},"content":{"rendered":"<p data-start=\"242\" data-end=\"494\"><strong data-start=\"242\" data-end=\"283\">\u0152uvre d&#8217;art originale (One Of A Kind)<\/strong><br data-start=\"283\" data-end=\"286\" \/>Peinture, Acrylique \/ Bombe a\u00e9rosol sur toile<br data-start=\"331\" data-end=\"334\" \/>Dimensions : Hauteur 116 cm, Largeur 91 cm<br data-start=\"376\" data-end=\"379\" \/>Encadrement : Cette \u0153uvre n&#8217;est pas encadr\u00e9e<br data-start=\"423\" data-end=\"426\" \/>Cat\u00e9gories : Peintures \u00e0 moins de 5 000 \u20ac \u2013 Figuratif contemporain<\/p>\n<p data-start=\"496\" data-end=\"869\">Cette \u0153uvre repr\u00e9sente un portrait f\u00e9minin inspir\u00e9 des cultures amazighes et sahariennes. Elle \u00e9voque les notions d\u2019identit\u00e9, de m\u00e9moire et de transmission culturelle \u00e0 travers les ornements, les couleurs chaudes et les \u00e9l\u00e9ments paysagers. Le visage, trait\u00e9 avec une approche contemporaine, \u00e9tablit un lien entre tradition et modernit\u00e9, entre l\u2019humain et son environnement.<\/p>\n<p data-start=\"871\" data-end=\"936\"><strong data-start=\"871\" data-end=\"936\">\u00c0 propos de cette \u0153uvre : Classification, Techniques &amp; Styles<\/strong><\/p>\n<p data-start=\"938\" data-end=\"1105\"><strong data-start=\"938\" data-end=\"951\">Acrylique<\/strong><br data-start=\"951\" data-end=\"954\" \/>Peinture utilisant des pigments traditionnels m\u00e9lang\u00e9s \u00e0 des r\u00e9sines synth\u00e9tiques, permettant une grande intensit\u00e9 chromatique et une bonne durabilit\u00e9.<\/p>\n<p data-start=\"1107\" data-end=\"1257\"><strong data-start=\"1107\" data-end=\"1124\">Bombe a\u00e9rosol<\/strong><br data-start=\"1124\" data-end=\"1127\" \/>Technique contemporaine utilisant des peintures sous pression pour cr\u00e9er des effets de texture, de superposition et de profondeur.<\/p>\n<p data-start=\"1259\" data-end=\"1528\"><strong data-start=\"1259\" data-end=\"1283\">Technique : Peinture<\/strong><br data-start=\"1283\" data-end=\"1286\" \/>La peinture est une forme d&#8217;art consistant \u00e0 appliquer des fluides color\u00e9s sur une surface. Elle permet une expression personnelle de l\u2019artiste et peut \u00eatre figurative ou abstraite, avec un contenu narratif, symbolique, spirituel ou culturel.<\/p>","protected":false},"excerpt":{"rendered":"<p data-start=\"242\" data-end=\"494\"><strong data-start=\"242\" data-end=\"283\">\u0152uvre d&#8217;art originale (One Of A Kind)<\/strong><br data-start=\"283\" data-end=\"286\" \/>Peinture, Acrylique \/ Bombe a\u00e9rosol sur toile<br data-start=\"331\" data-end=\"334\" \/>Dimensions : Hauteur 116 cm, Largeur 91 cm<br data-start=\"376\" data-end=\"379\" \/>Encadrement : Cette \u0153uvre n&#8217;est pas encadr\u00e9e<br data-start=\"423\" data-end=\"426\" \/>Cat\u00e9gories : Peintures \u00e0 moins de 5 000 \u20ac \u2013 Figuratif contemporain<\/p>\n<p data-start=\"496\" data-end=\"869\">Cette \u0153uvre repr\u00e9sente un portrait f\u00e9minin inspir\u00e9 des cultures amazighes et sahariennes. Elle \u00e9voque les notions d\u2019identit\u00e9, de m\u00e9moire et de transmission culturelle \u00e0 travers les ornements, les couleurs chaudes et les \u00e9l\u00e9ments paysagers. Le visage, trait\u00e9 avec une approche contemporaine, \u00e9tablit un lien entre tradition et modernit\u00e9, entre l\u2019humain et son environnement.<\/p>\n<p data-start=\"871\" data-end=\"936\"><strong data-start=\"871\" data-end=\"936\">\u00c0 propos de cette \u0153uvre : Classification, Techniques &amp; Styles<\/strong><\/p>\n<p data-start=\"938\" data-end=\"1105\"><strong data-start=\"938\" data-end=\"951\">Acrylique<\/strong><br data-start=\"951\" data-end=\"954\" \/>Peinture utilisant des pigments traditionnels m\u00e9lang\u00e9s \u00e0 des r\u00e9sines synth\u00e9tiques, permettant une grande intensit\u00e9 chromatique et une bonne durabilit\u00e9.<\/p>\n<p data-start=\"1107\" data-end=\"1257\"><strong data-start=\"1107\" data-end=\"1124\">Bombe a\u00e9rosol<\/strong><br data-start=\"1124\" data-end=\"1127\" \/>Technique contemporaine utilisant des peintures sous pression pour cr\u00e9er des effets de texture, de superposition et de profondeur.<\/p>\n<p data-start=\"1259\" data-end=\"1528\"><strong data-start=\"1259\" data-end=\"1283\">Technique : Peinture<\/strong><br data-start=\"1283\" data-end=\"1286\" \/>La peinture est une forme d&#8217;art consistant \u00e0 appliquer des fluides color\u00e9s sur une surface. Elle permet une expression personnelle de l\u2019artiste et peut \u00eatre figurative ou abstraite, avec un contenu narratif, symbolique, spirituel ou culturel.<\/p>","protected":false},"featured_media":4756,"comment_status":"open","ping_status":"closed","template":"","meta":{"_acf_changed":false},"product_brand":[],"product_cat":[44],"product_tag":[],"class_list":{"0":"post-4664","1":"product","2":"type-product","3":"status-publish","4":"has-post-thumbnail","6":"product_cat-reproductions","8":"first","9":"instock","10":"shipping-taxable","11":"product-type-variable","12":"has-default-attributes"},"acf":{"choi\u0441e_menu_page":"global_settings","full_width":false,"header_transparent":false,"header_white":false,"menu_type_page":"default","menu_align_page":"default"},"_links":{"self":[{"href":"https:\/\/market.ichararts.com\/fr\/wp-json\/wp\/v2\/product\/4664","targetHints":{"allow":["GET"]}}],"collection":[{"href":"https:\/\/market.ichararts.com\/fr\/wp-json\/wp\/v2\/product"}],"about":[{"href":"https:\/\/market.ichararts.com\/fr\/wp-json\/wp\/v2\/types\/product"}],"replies":[{"embeddable":true,"href":"https:\/\/market.ichararts.com\/fr\/wp-json\/wp\/v2\/comments?post=4664"}],"version-history":[{"count":3,"href":"https:\/\/market.ichararts.com\/fr\/wp-json\/wp\/v2\/product\/4664\/revisions"}],"predecessor-version":[{"id":4766,"href":"https:\/\/market.ichararts.com\/fr\/wp-json\/wp\/v2\/product\/4664\/revisions\/4766"}],"wp:featuredmedia":[{"embeddable":true,"href":"https:\/\/market.ichararts.com\/fr\/wp-json\/wp\/v2\/media\/4756"}],"wp:attachment":[{"href":"https:\/\/market.ichararts.com\/fr\/wp-json\/wp\/v2\/media?parent=4664"}],"wp:term":[{"taxonomy":"product_brand","embeddable":true,"href":"https:\/\/market.ichararts.com\/fr\/wp-json\/wp\/v2\/product_brand?post=4664"},{"taxonomy":"product_cat","embeddable":true,"href":"https:\/\/market.ichararts.com\/fr\/wp-json\/wp\/v2\/product_cat?post=4664"},{"taxonomy":"product_tag","embeddable":true,"href":"https:\/\/market.ichararts.com\/fr\/wp-json\/wp\/v2\/product_tag?post=4664"}],"curies":[{"name":"wp","href":"https:\/\/api.w.org\/{rel}","templated":true}]}}