{"id":4772,"date":"2026-01-15T18:44:02","date_gmt":"2026-01-15T18:44:02","guid":{"rendered":"https:\/\/market.ichararts.com\/?post_type=product&#038;p=4772"},"modified":"2026-01-20T20:56:45","modified_gmt":"2026-01-20T20:56:45","slug":"beaute-africaine","status":"publish","type":"product","link":"https:\/\/market.ichararts.com\/fr\/produit\/beaute-africaine\/","title":{"rendered":"BEAUT\u00c9 AFRICAINE"},"content":{"rendered":"<p data-start=\"613\" data-end=\"854\"><em data-start=\"613\" data-end=\"631\">Beaut\u00e9 Africaine<\/em> est une \u0153uvre originale r\u00e9alis\u00e9e \u00e0 la main par l\u2019artiste peintre <strong data-start=\"697\" data-end=\"712\">Mehdi Ichar<\/strong>. Peinte sur toile, elle associe la puissance de l\u2019a\u00e9rosol \u00e0 la pr\u00e9cision de l\u2019acrylique, offrant une composition expressive et contemporaine.<\/p>\n<p data-start=\"856\" data-end=\"1179\">Cette \u0153uvre unique est sign\u00e9e par l\u2019artiste et livr\u00e9e avec un <strong data-start=\"918\" data-end=\"947\">certificat d\u2019authenticit\u00e9<\/strong>. R\u00e9alis\u00e9e en France, elle t\u00e9moigne du savoir-faire de Mehdi Ichar et de son approche artistique m\u00ealant influences urbaines et sensibilit\u00e9 picturale. La toile est de haute qualit\u00e9 et l\u2019\u0153uvre est pr\u00eate \u00e0 \u00eatre accroch\u00e9e d\u00e8s r\u00e9ception.<\/p>\n<p data-start=\"856\" data-end=\"1179\"><strong data-start=\"1216\" data-end=\"1255\">Classification, techniques &amp; styles<\/strong><\/p>\n<p data-start=\"1257\" data-end=\"1457\"><strong data-start=\"1257\" data-end=\"1270\">Acrylique<\/strong><br data-start=\"1270\" data-end=\"1273\" \/>Peinture compos\u00e9e de pigments m\u00e9lang\u00e9s \u00e0 des r\u00e9sines synth\u00e9tiques, l\u2019acrylique permet un s\u00e9chage rapide et une grande intensit\u00e9 des couleurs, tout en offrant une excellente durabilit\u00e9.<\/p>\n<p data-start=\"1459\" data-end=\"1666\"><strong data-start=\"1459\" data-end=\"1470\">A\u00e9rosol<\/strong><br data-start=\"1470\" data-end=\"1473\" \/>Technique issue du street art, l\u2019a\u00e9rosol apporte spontan\u00e9it\u00e9, \u00e9nergie et profondeur visuelle. Il permet des d\u00e9grad\u00e9s subtils et des contrastes marqu\u00e9s, caract\u00e9ristiques du travail de l\u2019artiste.<\/p>\n<p data-start=\"275\" data-end=\"359\"><strong data-start=\"275\" data-end=\"316\">\u0152uvre d\u2019art originale (One of a Kind)<\/strong><br data-start=\"316\" data-end=\"319\" \/>Peinture \u2013 A\u00e9rosol \/ Acrylique sur toile<\/p>\n<p data-start=\"361\" data-end=\"412\"><strong data-start=\"361\" data-end=\"375\">Dimensions<\/strong><br data-start=\"375\" data-end=\"378\" \/>Hauteur : 100 cm<br data-start=\"394\" data-end=\"397\" \/>Largeur : 70 cm<\/p>\n<p data-start=\"414\" data-end=\"462\"><strong data-start=\"414\" data-end=\"429\">Encadrement<\/strong><br data-start=\"429\" data-end=\"432\" \/>Cette \u0153uvre n\u2019est pas encadr\u00e9e<\/p>\n<p data-start=\"492\" data-end=\"560\"><strong data-start=\"492\" data-end=\"506\">Cat\u00e9gories<\/strong><br data-start=\"506\" data-end=\"509\" \/>Peinture contemporaine \u00b7 Street Art \u00b7 Art figuratif<\/p>\n<h3 data-start=\"1673\" data-end=\"1699\">Technique : Peinture<\/h3>\n<p data-start=\"1700\" data-end=\"2033\">La peinture est une forme d\u2019art consistant \u00e0 appliquer des mati\u00e8res color\u00e9es sur une surface afin de cr\u00e9er une \u0153uvre expressive et esth\u00e9tique. \u00c0 travers cette \u0153uvre, Mehdi Ichar propose une interpr\u00e9tation contemporaine et personnelle, m\u00ealant figuration et influences urbaines, pour c\u00e9l\u00e9brer la beaut\u00e9 et la force du sujet repr\u00e9sent\u00e9.<\/p>","protected":false},"excerpt":{"rendered":"<p data-start=\"613\" data-end=\"854\"><em data-start=\"613\" data-end=\"631\">Beaut\u00e9 Africaine<\/em> est une \u0153uvre originale r\u00e9alis\u00e9e \u00e0 la main par l\u2019artiste peintre <strong data-start=\"697\" data-end=\"712\">Mehdi Ichar<\/strong>. Peinte sur toile, elle associe la puissance de l\u2019a\u00e9rosol \u00e0 la pr\u00e9cision de l\u2019acrylique, offrant une composition expressive et contemporaine.<\/p>\n<p data-start=\"856\" data-end=\"1179\">Cette \u0153uvre unique est sign\u00e9e par l\u2019artiste et livr\u00e9e avec un <strong data-start=\"918\" data-end=\"947\">certificat d\u2019authenticit\u00e9<\/strong>. R\u00e9alis\u00e9e en France, elle t\u00e9moigne du savoir-faire de Mehdi Ichar et de son approche artistique m\u00ealant influences urbaines et sensibilit\u00e9 picturale. La toile est de haute qualit\u00e9 et l\u2019\u0153uvre est pr\u00eate \u00e0 \u00eatre accroch\u00e9e d\u00e8s r\u00e9ception.<\/p>\n<p data-start=\"856\" data-end=\"1179\"><strong data-start=\"1216\" data-end=\"1255\">Classification, techniques &amp; styles<\/strong><\/p>\n<p data-start=\"1257\" data-end=\"1457\"><strong data-start=\"1257\" data-end=\"1270\">Acrylique<\/strong><br data-start=\"1270\" data-end=\"1273\" \/>Peinture compos\u00e9e de pigments m\u00e9lang\u00e9s \u00e0 des r\u00e9sines synth\u00e9tiques, l\u2019acrylique permet un s\u00e9chage rapide et une grande intensit\u00e9 des couleurs, tout en offrant une excellente durabilit\u00e9.<\/p>\n<p data-start=\"1459\" data-end=\"1666\"><strong data-start=\"1459\" data-end=\"1470\">A\u00e9rosol<\/strong><br data-start=\"1470\" data-end=\"1473\" \/>Technique issue du street art, l\u2019a\u00e9rosol apporte spontan\u00e9it\u00e9, \u00e9nergie et profondeur visuelle. Il permet des d\u00e9grad\u00e9s subtils et des contrastes marqu\u00e9s, caract\u00e9ristiques du travail de l\u2019artiste.<\/p>\n<p data-start=\"275\" data-end=\"359\"><strong data-start=\"275\" data-end=\"316\">\u0152uvre d\u2019art originale (One of a Kind)<\/strong><br data-start=\"316\" data-end=\"319\" \/>Peinture \u2013 A\u00e9rosol \/ Acrylique sur toile<\/p>\n<p data-start=\"361\" data-end=\"412\"><strong data-start=\"361\" data-end=\"375\">Dimensions<\/strong><br data-start=\"375\" data-end=\"378\" \/>Hauteur : 100 cm<br data-start=\"394\" data-end=\"397\" \/>Largeur : 70 cm<\/p>\n<p data-start=\"414\" data-end=\"462\"><strong data-start=\"414\" data-end=\"429\">Encadrement<\/strong><br data-start=\"429\" data-end=\"432\" \/>Cette \u0153uvre n\u2019est pas encadr\u00e9e<\/p>\n<p data-start=\"492\" data-end=\"560\"><strong data-start=\"492\" data-end=\"506\">Cat\u00e9gories<\/strong><br data-start=\"506\" data-end=\"509\" \/>Peinture contemporaine \u00b7 Street Art \u00b7 Art figuratif<\/p>\n<h3 data-start=\"1673\" data-end=\"1699\">Technique : Peinture<\/h3>\n<p data-start=\"1700\" data-end=\"2033\">La peinture est une forme d\u2019art consistant \u00e0 appliquer des mati\u00e8res color\u00e9es sur une surface afin de cr\u00e9er une \u0153uvre expressive et esth\u00e9tique. \u00c0 travers cette \u0153uvre, Mehdi Ichar propose une interpr\u00e9tation contemporaine et personnelle, m\u00ealant figuration et influences urbaines, pour c\u00e9l\u00e9brer la beaut\u00e9 et la force du sujet repr\u00e9sent\u00e9.<\/p>","protected":false},"featured_media":4826,"comment_status":"open","ping_status":"closed","template":"","meta":{"_acf_changed":false},"product_brand":[],"product_cat":[111,44],"product_tag":[],"class_list":{"0":"post-4772","1":"product","2":"type-product","3":"status-publish","4":"has-post-thumbnail","6":"product_cat-original-tableaux-2","7":"product_cat-reproductions","9":"first","10":"instock","11":"sale","12":"shipping-taxable","13":"purchasable","14":"product-type-variable","15":"has-default-attributes"},"acf":{"choi\u0441e_menu_page":"global_settings","full_width":false,"header_transparent":false,"header_white":false,"menu_type_page":"default","menu_align_page":"default"},"_links":{"self":[{"href":"https:\/\/market.ichararts.com\/fr\/wp-json\/wp\/v2\/product\/4772","targetHints":{"allow":["GET"]}}],"collection":[{"href":"https:\/\/market.ichararts.com\/fr\/wp-json\/wp\/v2\/product"}],"about":[{"href":"https:\/\/market.ichararts.com\/fr\/wp-json\/wp\/v2\/types\/product"}],"replies":[{"embeddable":true,"href":"https:\/\/market.ichararts.com\/fr\/wp-json\/wp\/v2\/comments?post=4772"}],"version-history":[{"count":2,"href":"https:\/\/market.ichararts.com\/fr\/wp-json\/wp\/v2\/product\/4772\/revisions"}],"predecessor-version":[{"id":4861,"href":"https:\/\/market.ichararts.com\/fr\/wp-json\/wp\/v2\/product\/4772\/revisions\/4861"}],"wp:featuredmedia":[{"embeddable":true,"href":"https:\/\/market.ichararts.com\/fr\/wp-json\/wp\/v2\/media\/4826"}],"wp:attachment":[{"href":"https:\/\/market.ichararts.com\/fr\/wp-json\/wp\/v2\/media?parent=4772"}],"wp:term":[{"taxonomy":"product_brand","embeddable":true,"href":"https:\/\/market.ichararts.com\/fr\/wp-json\/wp\/v2\/product_brand?post=4772"},{"taxonomy":"product_cat","embeddable":true,"href":"https:\/\/market.ichararts.com\/fr\/wp-json\/wp\/v2\/product_cat?post=4772"},{"taxonomy":"product_tag","embeddable":true,"href":"https:\/\/market.ichararts.com\/fr\/wp-json\/wp\/v2\/product_tag?post=4772"}],"curies":[{"name":"wp","href":"https:\/\/api.w.org\/{rel}","templated":true}]}}