{"id":4864,"date":"2026-01-16T13:01:45","date_gmt":"2026-01-16T13:01:45","guid":{"rendered":"https:\/\/market.ichararts.com\/?post_type=product&#038;p=4864"},"modified":"2026-01-16T13:11:28","modified_gmt":"2026-01-16T13:11:28","slug":"tamazight-queen","status":"publish","type":"product","link":"https:\/\/market.ichararts.com\/fr\/produit\/tamazight-queen\/","title":{"rendered":"Reine de Tamazight"},"content":{"rendered":"<p class=\"skK8UF\" data-hook=\"description\">Ce<strong> T-shirt<\/strong> rend hommage \u00e0 la beaut\u00e9 et \u00e0 la fiert\u00e9 des femmes amazighes.<\/p>\n<p class=\"skK8UF\" data-hook=\"description\">Inspir\u00e9 par les traditions, les couleurs du d\u00e9sert et la force des racines, ce visuel exclusif a \u00e9t\u00e9 cr\u00e9\u00e9 par l\u2019artiste marocain Ichar.<\/p>\n<ul>\n<li class=\"skK8UF\" data-hook=\"description\">\ud83c\udf3f Impression haute qualit\u00e9 sur coton doux<\/li>\n<li class=\"skK8UF\" data-hook=\"description\">\ud83c\udfa8 Design original sign\u00e9 Ichar<\/li>\n<li class=\"skK8UF\" data-hook=\"description\">\ud83d\udc55 Coupe unisexe, confortable et l\u00e9g\u00e8re Fabriqu\u00e9 \u00e0 la demande pour limiter la surproduction et respecter l\u2019environnement.<\/li>\n<\/ul>\n<p class=\"skK8UF\" data-hook=\"description\">Chaque pi\u00e8ce est pens\u00e9e pour vous, imprim\u00e9e \u00e0 la demande, avec respect et conscience. En choisissant ce t-shirt, vous soutenez une d\u00e9marche artistique, humaine et \u00e9cologique. Merci pour votre confiance.<\/p>\n<p class=\"skK8UF\" data-hook=\"description\">Traceability:<\/p>\n<p class=\"skK8UF\" data-hook=\"description\">&#8211; Knitting\u2014Honduras, the Dominican Republic<\/p>\n<p class=\"skK8UF\" data-hook=\"description\">&#8211; Dyeing\u2014Honduras, the Dominican Republic<\/p>\n<p class=\"skK8UF\" data-hook=\"description\">&#8211; Manufacturing\u2014Nicaragua, Honduras, Haiti, El Salvador, or the Dominican Republic<\/p>\n<p class=\"skK8UF\" data-hook=\"description\">\u2022 Contains 0% recycled polyester<\/p>\n<p class=\"skK8UF\" data-hook=\"description\">\u2022 Contains 0% dangerous substances<\/p>\n<p class=\"skK8UF\" data-hook=\"description\">Age restrictions: For adults<\/p>\n<p class=\"skK8UF\" data-hook=\"description\">EU Warranty: 2 years<\/p>\n<p class=\"skK8UF\" data-hook=\"description\">Other compliance information: Meets the flammability, lead, cadmium, phthalates and formaldehyde level requirements.<\/p>\n<p class=\"skK8UF\" data-hook=\"description\">In compliance with the General Product Safety Regulation (GPSR), Oak inc. and SINDEN VENTURES LIMITED ensure that all consumer products offered are safe and meet EU standards. For any product safety related inquiries or concerns, please contact our EU representative at gpsr@sindenventures.com. You can also write to us at 123 Main Street, Anytown, Country or Markou Evgenikou 11, Mesa Geitonia, 4002, Limassol, Cyprus.<\/p>","protected":false},"excerpt":{"rendered":"<p class=\"skK8UF\" data-hook=\"description\">Ce <strong>T-shirt<\/strong> rend hommage \u00e0 la beaut\u00e9 et \u00e0 la fiert\u00e9 des femmes amazighes.<\/p>\n<p class=\"skK8UF\" data-hook=\"description\">Inspir\u00e9 par les traditions, les couleurs du d\u00e9sert et la force des racines, ce visuel exclusif a \u00e9t\u00e9 cr\u00e9\u00e9 par l\u2019artiste marocain Ichar.<\/p>\n<ul>\n<li class=\"skK8UF\" data-hook=\"description\">\ud83c\udf3f Impression haute qualit\u00e9 sur coton doux<\/li>\n<li class=\"skK8UF\" data-hook=\"description\">\ud83c\udfa8 Design original sign\u00e9 Ichar<\/li>\n<li class=\"skK8UF\" data-hook=\"description\">\ud83d\udc55 Coupe unisexe, confortable et l\u00e9g\u00e8re Fabriqu\u00e9 \u00e0 la demande pour limiter la surproduction et respecter l\u2019environnement.<\/li>\n<\/ul>\n<p class=\"skK8UF\" data-hook=\"description\">Chaque pi\u00e8ce est pens\u00e9e pour vous, imprim\u00e9e \u00e0 la demande, avec respect et conscience. En choisissant ce t-shirt, vous soutenez une d\u00e9marche artistique, humaine et \u00e9cologique. Merci pour votre confiance.<\/p>\n<p class=\"skK8UF\" data-hook=\"description\">Traceability:<\/p>\n<p class=\"skK8UF\" data-hook=\"description\">&#8211; Knitting\u2014Honduras, the Dominican Republic<\/p>\n<p class=\"skK8UF\" data-hook=\"description\">&#8211; Dyeing\u2014Honduras, the Dominican Republic<\/p>\n<p class=\"skK8UF\" data-hook=\"description\">&#8211; Manufacturing\u2014Nicaragua, Honduras, Haiti, El Salvador, or the Dominican Republic<\/p>\n<p class=\"skK8UF\" data-hook=\"description\">\u2022 Contains 0% recycled polyester<\/p>\n<p class=\"skK8UF\" data-hook=\"description\">\u2022 Contains 0% dangerous substances<\/p>\n<p class=\"skK8UF\" data-hook=\"description\">Age restrictions: For adults<\/p>\n<p class=\"skK8UF\" data-hook=\"description\">EU Warranty: 2 years<\/p>\n<p class=\"skK8UF\" data-hook=\"description\">Other compliance information: Meets the flammability, lead, cadmium, phthalates and formaldehyde level requirements.<\/p>\n<p class=\"skK8UF\" data-hook=\"description\">In compliance with the General Product Safety Regulation (GPSR), Oak inc. and SINDEN VENTURES LIMITED ensure that all consumer products offered are safe and meet EU standards. For any product safety related inquiries or concerns, please contact our EU representative at gpsr@sindenventures.com. You can also write to us at 123 Main Street, Anytown, Country or Markou Evgenikou 11, Mesa Geitonia, 4002, Limassol, Cyprus.<\/p>","protected":false},"featured_media":4867,"comment_status":"open","ping_status":"closed","template":"","meta":{"_acf_changed":false},"product_brand":[],"product_cat":[61],"product_tag":[],"class_list":{"0":"post-4864","1":"product","2":"type-product","3":"status-publish","4":"has-post-thumbnail","6":"product_cat-t-shirts","8":"first","9":"instock","10":"sale","11":"shipping-taxable","12":"purchasable","13":"product-type-simple"},"acf":{"choi\u0441e_menu_page":"global_settings","full_width":false,"header_transparent":false,"header_white":false,"menu_type_page":"default","menu_align_page":"default"},"_links":{"self":[{"href":"https:\/\/market.ichararts.com\/fr\/wp-json\/wp\/v2\/product\/4864","targetHints":{"allow":["GET"]}}],"collection":[{"href":"https:\/\/market.ichararts.com\/fr\/wp-json\/wp\/v2\/product"}],"about":[{"href":"https:\/\/market.ichararts.com\/fr\/wp-json\/wp\/v2\/types\/product"}],"replies":[{"embeddable":true,"href":"https:\/\/market.ichararts.com\/fr\/wp-json\/wp\/v2\/comments?post=4864"}],"version-history":[{"count":4,"href":"https:\/\/market.ichararts.com\/fr\/wp-json\/wp\/v2\/product\/4864\/revisions"}],"predecessor-version":[{"id":4872,"href":"https:\/\/market.ichararts.com\/fr\/wp-json\/wp\/v2\/product\/4864\/revisions\/4872"}],"wp:featuredmedia":[{"embeddable":true,"href":"https:\/\/market.ichararts.com\/fr\/wp-json\/wp\/v2\/media\/4867"}],"wp:attachment":[{"href":"https:\/\/market.ichararts.com\/fr\/wp-json\/wp\/v2\/media?parent=4864"}],"wp:term":[{"taxonomy":"product_brand","embeddable":true,"href":"https:\/\/market.ichararts.com\/fr\/wp-json\/wp\/v2\/product_brand?post=4864"},{"taxonomy":"product_cat","embeddable":true,"href":"https:\/\/market.ichararts.com\/fr\/wp-json\/wp\/v2\/product_cat?post=4864"},{"taxonomy":"product_tag","embeddable":true,"href":"https:\/\/market.ichararts.com\/fr\/wp-json\/wp\/v2\/product_tag?post=4864"}],"curies":[{"name":"wp","href":"https:\/\/api.w.org\/{rel}","templated":true}]}}