{"id":4873,"date":"2026-01-16T13:22:34","date_gmt":"2026-01-16T13:22:34","guid":{"rendered":"https:\/\/market.ichararts.com\/?post_type=product&#038;p=4873"},"modified":"2026-01-19T21:17:09","modified_gmt":"2026-01-19T21:17:09","slug":"africaine-queen","status":"publish","type":"product","link":"https:\/\/market.ichararts.com\/fr\/produit\/africaine-queen\/","title":{"rendered":"Reine d'Afrique"},"content":{"rendered":"<p data-start=\"117\" data-end=\"372\">Le pr\u00e9sent <strong>T-shirt artistique<\/strong> pr\u00e9sente un portrait puissant et vibrant inspir\u00e9 de la beaut\u00e9 africaine et de l'art de la rue contemporain. L'\u0153uvre m\u00e9lange des couleurs vives, des lignes expressives et des effets de gouttes de peinture, cr\u00e9ant ainsi une identit\u00e9 visuelle frappante qui se d\u00e9marque instantan\u00e9ment.<\/p>\n<p data-start=\"374\" data-end=\"636\">Imprim\u00e9 sur un T-shirt blanc, le dessin met en sc\u00e8ne une figure f\u00e9minine forte portant un bandeau color\u00e9, symbolisant l'\u00e9l\u00e9gance, la force et la richesse culturelle. La fusion de l'art urbain moderne et du portrait figuratif rend cette pi\u00e8ce \u00e0 la fois portable et expressive.<\/p>\n<p data-start=\"638\" data-end=\"798\">Parfait pour les amateurs d'art, les passionn\u00e9s de street art et ceux qui appr\u00e9cient la mode avec du sens, ce T-shirt peut \u00eatre port\u00e9 de fa\u00e7on d\u00e9contract\u00e9e ou comme une pi\u00e8ce d'apparat.<\/p>\n<h3 data-start=\"805\" data-end=\"824\"><\/h3>\n<h3 data-start=\"805\" data-end=\"824\">D\u00e9tails du produit<\/h3>\n<ul data-start=\"825\" data-end=\"1140\">\n<li data-start=\"825\" data-end=\"854\">\n<p data-start=\"827\" data-end=\"854\"><strong data-start=\"827\" data-end=\"840\">Mat\u00e9riau :<\/strong> <span style=\"color: #ff9900;\">100% Coton<\/span><\/p>\n<\/li>\n<li data-start=\"855\" data-end=\"901\">\n<p data-start=\"857\" data-end=\"901\"><strong data-start=\"857\" data-end=\"874\">Type de produit :<\/strong> T-shirt imprim\u00e9 artistique<\/p>\n<\/li>\n<li data-start=\"902\" data-end=\"976\">\n<p data-start=\"904\" data-end=\"976\"><strong data-start=\"904\" data-end=\"915\">Conception :<\/strong> Portrait contemporain inspir\u00e9 par l'art africain et l'art de la rue<\/p>\n<\/li>\n<li data-start=\"977\" data-end=\"1038\">\n<p data-start=\"979\" data-end=\"1038\"><strong data-start=\"979\" data-end=\"990\">Couleurs :<\/strong> Multicolore (jaune, bleu, rouge, orange, noir)<\/p>\n<\/li>\n<li data-start=\"1039\" data-end=\"1058\">\n<p data-start=\"1041\" data-end=\"1058\"><strong data-start=\"1041\" data-end=\"1049\">En forme :<\/strong> Unisexe<\/p>\n<\/li>\n<li data-start=\"1059\" data-end=\"1083\">\n<p data-start=\"1061\" data-end=\"1083\"><strong data-start=\"1061\" data-end=\"1070\">Cou :<\/strong> Col rond<\/p>\n<\/li>\n<li data-start=\"1084\" data-end=\"1114\">\n<p data-start=\"1086\" data-end=\"1114\"><strong data-start=\"1086\" data-end=\"1098\">Manches :<\/strong> Manches courtes<\/p>\n<\/li>\n<li data-start=\"1115\" data-end=\"1140\">\n<p data-start=\"1117\" data-end=\"1140\"><strong data-start=\"1117\" data-end=\"1132\">Couleur de base :<\/strong> Blanc<\/p>\n<\/li>\n<\/ul>\n<h3 data-start=\"1147\" data-end=\"1161\"><\/h3>\n<h3 data-start=\"1147\" data-end=\"1161\">Points forts<\/h3>\n<ul data-start=\"1162\" data-end=\"1370\">\n<li data-start=\"1162\" data-end=\"1197\">\n<p data-start=\"1164\" data-end=\"1197\">Des \u0153uvres d'art originales et expressives<\/p>\n<\/li>\n<li data-start=\"1198\" data-end=\"1247\">\n<p data-start=\"1200\" data-end=\"1247\">Un impact visuel fort et une inspiration culturelle<\/p>\n<\/li>\n<li data-start=\"1248\" data-end=\"1294\">\n<p data-start=\"1250\" data-end=\"1294\">Tissu de coton 100% confortable et respirant<\/p>\n<\/li>\n<li data-start=\"1295\" data-end=\"1342\">\n<p data-start=\"1297\" data-end=\"1342\">Id\u00e9al pour une utilisation quotidienne ou pour un style artistique<\/p>\n<\/li>\n<li data-start=\"1343\" data-end=\"1370\">\n<p data-start=\"1345\" data-end=\"1370\">Une \u0153uvre d'art \u00e0 porter sur soi<\/p>\n<\/li>\n<\/ul>","protected":false},"excerpt":{"rendered":"<p data-start=\"117\" data-end=\"372\">Le pr\u00e9sent <strong>T-shirt artistique<\/strong> pr\u00e9sente un portrait puissant et vibrant inspir\u00e9 de la beaut\u00e9 africaine et de l'art de la rue contemporain. L'\u0153uvre m\u00e9lange des couleurs vives, des lignes expressives et des effets de gouttes de peinture, cr\u00e9ant ainsi une identit\u00e9 visuelle frappante qui se d\u00e9marque instantan\u00e9ment.<\/p>\n<p data-start=\"374\" data-end=\"636\">Imprim\u00e9 sur un T-shirt blanc, le dessin met en sc\u00e8ne une figure f\u00e9minine forte portant un bandeau color\u00e9, symbolisant l'\u00e9l\u00e9gance, la force et la richesse culturelle. La fusion de l'art urbain moderne et du portrait figuratif rend cette pi\u00e8ce \u00e0 la fois portable et expressive.<\/p>\n<p data-start=\"638\" data-end=\"798\">Parfait pour les amateurs d'art, les passionn\u00e9s de street art et ceux qui appr\u00e9cient la mode avec du sens, ce T-shirt peut \u00eatre port\u00e9 de fa\u00e7on d\u00e9contract\u00e9e ou comme une pi\u00e8ce d'apparat.<\/p>\n<h3 data-start=\"805\" data-end=\"824\"><\/h3>\n<h3 data-start=\"805\" data-end=\"824\">D\u00e9tails du produit<\/h3>\n<ul data-start=\"825\" data-end=\"1140\">\n<li data-start=\"825\" data-end=\"854\">\n<p data-start=\"827\" data-end=\"854\"><strong data-start=\"827\" data-end=\"840\">Mat\u00e9riau :<\/strong> <span style=\"color: #ff9900;\">100% Coton<\/span><\/p>\n<\/li>\n<li data-start=\"855\" data-end=\"901\">\n<p data-start=\"857\" data-end=\"901\"><strong data-start=\"857\" data-end=\"874\">Type de produit :<\/strong> T-shirt imprim\u00e9 artistique<\/p>\n<\/li>\n<li data-start=\"902\" data-end=\"976\">\n<p data-start=\"904\" data-end=\"976\"><strong data-start=\"904\" data-end=\"915\">Conception :<\/strong> Portrait contemporain inspir\u00e9 par l'art africain et l'art de la rue<\/p>\n<\/li>\n<li data-start=\"977\" data-end=\"1038\">\n<p data-start=\"979\" data-end=\"1038\"><strong data-start=\"979\" data-end=\"990\">Couleurs :<\/strong> Multicolore (jaune, bleu, rouge, orange, noir)<\/p>\n<\/li>\n<li data-start=\"1039\" data-end=\"1058\">\n<p data-start=\"1041\" data-end=\"1058\"><strong data-start=\"1041\" data-end=\"1049\">En forme :<\/strong> Unisexe<\/p>\n<\/li>\n<li data-start=\"1059\" data-end=\"1083\">\n<p data-start=\"1061\" data-end=\"1083\"><strong data-start=\"1061\" data-end=\"1070\">Cou :<\/strong> Col rond<\/p>\n<\/li>\n<li data-start=\"1084\" data-end=\"1114\">\n<p data-start=\"1086\" data-end=\"1114\"><strong data-start=\"1086\" data-end=\"1098\">Manches :<\/strong> Manches courtes<\/p>\n<\/li>\n<li data-start=\"1115\" data-end=\"1140\">\n<p data-start=\"1117\" data-end=\"1140\"><strong data-start=\"1117\" data-end=\"1132\">Couleur de base :<\/strong> Blanc<\/p>\n<\/li>\n<\/ul>\n<h3 data-start=\"1147\" data-end=\"1161\"><\/h3>\n<h3 data-start=\"1147\" data-end=\"1161\">Points forts<\/h3>\n<ul data-start=\"1162\" data-end=\"1370\">\n<li data-start=\"1162\" data-end=\"1197\">\n<p data-start=\"1164\" data-end=\"1197\">Des \u0153uvres d'art originales et expressives<\/p>\n<\/li>\n<li data-start=\"1198\" data-end=\"1247\">\n<p data-start=\"1200\" data-end=\"1247\">Un impact visuel fort et une inspiration culturelle<\/p>\n<\/li>\n<li data-start=\"1248\" data-end=\"1294\">\n<p data-start=\"1250\" data-end=\"1294\">Tissu de coton 100% confortable et respirant<\/p>\n<\/li>\n<li data-start=\"1295\" data-end=\"1342\">\n<p data-start=\"1297\" data-end=\"1342\">Id\u00e9al pour une utilisation quotidienne ou pour un style artistique<\/p>\n<\/li>\n<li data-start=\"1343\" data-end=\"1370\">\n<p data-start=\"1345\" data-end=\"1370\">Une \u0153uvre d'art \u00e0 porter sur soi<\/p>\n<\/li>\n<\/ul>","protected":false},"featured_media":4877,"comment_status":"open","ping_status":"closed","template":"","meta":{"_acf_changed":false},"product_brand":[],"product_cat":[61],"product_tag":[],"class_list":{"0":"post-4873","1":"product","2":"type-product","3":"status-publish","4":"has-post-thumbnail","6":"product_cat-t-shirts","8":"first","9":"instock","10":"sale","11":"featured","12":"shipping-taxable","13":"purchasable","14":"product-type-variable"},"acf":{"choi\u0441e_menu_page":"global_settings","full_width":false,"header_transparent":false,"header_white":false,"menu_type_page":"default","menu_align_page":"default"},"_links":{"self":[{"href":"https:\/\/market.ichararts.com\/fr\/wp-json\/wp\/v2\/product\/4873","targetHints":{"allow":["GET"]}}],"collection":[{"href":"https:\/\/market.ichararts.com\/fr\/wp-json\/wp\/v2\/product"}],"about":[{"href":"https:\/\/market.ichararts.com\/fr\/wp-json\/wp\/v2\/types\/product"}],"replies":[{"embeddable":true,"href":"https:\/\/market.ichararts.com\/fr\/wp-json\/wp\/v2\/comments?post=4873"}],"version-history":[{"count":2,"href":"https:\/\/market.ichararts.com\/fr\/wp-json\/wp\/v2\/product\/4873\/revisions"}],"predecessor-version":[{"id":5343,"href":"https:\/\/market.ichararts.com\/fr\/wp-json\/wp\/v2\/product\/4873\/revisions\/5343"}],"wp:featuredmedia":[{"embeddable":true,"href":"https:\/\/market.ichararts.com\/fr\/wp-json\/wp\/v2\/media\/4877"}],"wp:attachment":[{"href":"https:\/\/market.ichararts.com\/fr\/wp-json\/wp\/v2\/media?parent=4873"}],"wp:term":[{"taxonomy":"product_brand","embeddable":true,"href":"https:\/\/market.ichararts.com\/fr\/wp-json\/wp\/v2\/product_brand?post=4873"},{"taxonomy":"product_cat","embeddable":true,"href":"https:\/\/market.ichararts.com\/fr\/wp-json\/wp\/v2\/product_cat?post=4873"},{"taxonomy":"product_tag","embeddable":true,"href":"https:\/\/market.ichararts.com\/fr\/wp-json\/wp\/v2\/product_tag?post=4873"}],"curies":[{"name":"wp","href":"https:\/\/api.w.org\/{rel}","templated":true}]}}