{"id":4879,"date":"2026-01-16T14:05:23","date_gmt":"2026-01-16T14:05:23","guid":{"rendered":"https:\/\/market.ichararts.com\/?post_type=product&#038;p=4879"},"modified":"2026-01-28T16:33:20","modified_gmt":"2026-01-28T16:33:20","slug":"icharhats-limited-collection","status":"publish","type":"product","link":"https:\/\/market.ichararts.com\/fr\/produit\/icharhats-limited-collection\/","title":{"rendered":"IcharHats \u2013 Collection Limit\u00e9e"},"content":{"rendered":"<h2 data-start=\"252\" data-end=\"266\">IcharArts-Limited Collection<\/h2>\n<p data-start=\"291\" data-end=\"566\" class=\"translation-block\">La <strong data-start=\"295\" data-end=\"327\">IcharArts - Limited Collection<\/strong> est une d\u00e9claration d'intention - une fusion de l'art, de la culture de la rue et de l'artisanat de pr\u00e9cision. Cette collection a \u00e9t\u00e9 cr\u00e9\u00e9e pour ceux qui pr\u00e9f\u00e8rent l'originalit\u00e9 aux tendances et qui comprennent que le v\u00e9ritable style est d\u00e9fini par l'intention et non par la production de masse.<\/p>\n<p data-start=\"568\" data-end=\"872\">Chaque casquette de cette collection est fabriqu\u00e9e \u00e0 partir de <strong data-start=\"613\" data-end=\"645\">mat\u00e9riaux structur\u00e9s de qualit\u00e9 sup\u00e9rieure<\/strong>, Cette casquette est con\u00e7ue pour offrir une silhouette nette, une durabilit\u00e9 \u00e0 long terme et un ajustement confortable et s\u00fbr. Le choix du tissu assure une structure sans rigidit\u00e9, permettant \u00e0 la casquette de garder sa forme tout en s'adaptant naturellement \u00e0 l'usure.<\/p>\n<p data-start=\"874\" data-end=\"1311\">En premi\u00e8re ligne, la <strong data-start=\"896\" data-end=\"938\">signature IcharArts brod\u00e9e en relief<\/strong> est audacieux et incomparable. La broderie est ex\u00e9cut\u00e9e avec pr\u00e9cision, donnant une profondeur et une texture qui refl\u00e8tent l'identit\u00e9 artistique de la marque. Chaque point est d\u00e9lib\u00e9r\u00e9, repr\u00e9sentant la cr\u00e9ativit\u00e9, l'ind\u00e9pendance et l'expression de soi. La broderie lat\u00e9rale en fait un <strong data-start=\"1208\" data-end=\"1230\">Collection limit\u00e9e<\/strong> renforce son exclusivit\u00e9 - un d\u00e9tail subtil r\u00e9serv\u00e9 \u00e0 ceux qui le poss\u00e8dent.<\/p>\n<p data-start=\"1313\" data-end=\"1524\">Cette collection est produite en <strong data-start=\"1344\" data-end=\"1375\">quantit\u00e9s strictement limit\u00e9es<\/strong>, Chaque pi\u00e8ce fait donc partie d'une \u00e9dition rare. Pas de r\u00e9approvisionnement. Pas de reproductions. Chaque chapeau devient un objet de collection - un moment dans le temps captur\u00e9 par le design.<\/p>\n<p data-start=\"1526\" data-end=\"1838\">De la palette de couleurs \u00e9pur\u00e9es et minimalistes aux proportions \u00e9quilibr\u00e9es et aux finitions haut de gamme, chaque \u00e9l\u00e9ment est con\u00e7u pour \u00eatre autonome tout en s'int\u00e9grant parfaitement \u00e0 une garde-robe streetwear de haut niveau. Qu'elle soit port\u00e9e de fa\u00e7on d\u00e9contract\u00e9e ou comme pi\u00e8ce ma\u00eetresse d'une tenue, la casquette IohanArts attire l'attention sans exc\u00e8s.<\/p>\n<p data-start=\"1840\" data-end=\"1906\">Il ne s'agit pas seulement d'un couvre-chef.<br data-start=\"1866\" data-end=\"1869\" \/>Il s'agit de l'identit\u00e9.<br data-start=\"1884\" data-end=\"1887\" \/>C'est de l'art que l'on porte.<\/p>\n<p data-start=\"1908\" data-end=\"2027\"><strong data-start=\"1908\" data-end=\"1940\">IcharArts &#8211; Limited Collection<\/strong><br data-start=\"1940\" data-end=\"1943\" \/>Created with purpose. Released with intention.<br data-start=\"1989\" data-end=\"1992\" \/>Once it\u2019s gone, it becomes history.<\/p>","protected":false},"excerpt":{"rendered":"<p data-start=\"57\" data-end=\"93\"><strong data-start=\"57\" data-end=\"91\">IcharArts \u2013 Collection Limit\u00e9e<\/strong><\/p>\n<p data-start=\"95\" data-end=\"411\">L\u00e0 o\u00f9 l\u2019art rencontre le streetwear. Chaque casquette est fabriqu\u00e9e avec des mat\u00e9riaux premium pour un ajustement parfait, structur\u00e9 mais naturel. Une broderie audacieuse en relief et des d\u00e9tails discrets \u00ab Collection Limit\u00e9e \u00bb rendent chaque pi\u00e8ce unique. Produite en quantit\u00e9s strictement limit\u00e9es \u2014 sans r\u00e9assort, sans reproduction \u2014 chaque casquette devient un objet de collection.<\/p>\n<p data-start=\"413\" data-end=\"478\" class=\"translation-block\">Ce n\u2019est pas qu\u2019un accessoire.<br data-start=\"440\" data-end=\"443\">C\u2019est de l\u2019identit\u00e9. C\u2019est de l\u2019art \u00e0 porter.<\/p>\n<p data-start=\"480\" data-end=\"544\"><strong data-start=\"480\" data-end=\"542\">IcharArts \u2013 Cr\u00e9\u00e9 avec intention. Lanc\u00e9 avec volont\u00e9.<\/strong><\/p>","protected":false},"featured_media":4891,"comment_status":"open","ping_status":"closed","template":"","meta":{"_acf_changed":false},"product_brand":[],"product_cat":[62],"product_tag":[],"class_list":{"0":"post-4879","1":"product","2":"type-product","3":"status-publish","4":"has-post-thumbnail","6":"product_cat-casquettes","8":"first","9":"instock","10":"featured","11":"shipping-taxable","12":"purchasable","13":"product-type-variable","14":"has-default-attributes"},"acf":{"choi\u0441e_menu_page":"global_settings","full_width":false,"header_transparent":false,"header_white":false,"menu_type_page":"default","menu_align_page":"default"},"_links":{"self":[{"href":"https:\/\/market.ichararts.com\/fr\/wp-json\/wp\/v2\/product\/4879","targetHints":{"allow":["GET"]}}],"collection":[{"href":"https:\/\/market.ichararts.com\/fr\/wp-json\/wp\/v2\/product"}],"about":[{"href":"https:\/\/market.ichararts.com\/fr\/wp-json\/wp\/v2\/types\/product"}],"replies":[{"embeddable":true,"href":"https:\/\/market.ichararts.com\/fr\/wp-json\/wp\/v2\/comments?post=4879"}],"version-history":[{"count":6,"href":"https:\/\/market.ichararts.com\/fr\/wp-json\/wp\/v2\/product\/4879\/revisions"}],"predecessor-version":[{"id":4901,"href":"https:\/\/market.ichararts.com\/fr\/wp-json\/wp\/v2\/product\/4879\/revisions\/4901"}],"wp:featuredmedia":[{"embeddable":true,"href":"https:\/\/market.ichararts.com\/fr\/wp-json\/wp\/v2\/media\/4891"}],"wp:attachment":[{"href":"https:\/\/market.ichararts.com\/fr\/wp-json\/wp\/v2\/media?parent=4879"}],"wp:term":[{"taxonomy":"product_brand","embeddable":true,"href":"https:\/\/market.ichararts.com\/fr\/wp-json\/wp\/v2\/product_brand?post=4879"},{"taxonomy":"product_cat","embeddable":true,"href":"https:\/\/market.ichararts.com\/fr\/wp-json\/wp\/v2\/product_cat?post=4879"},{"taxonomy":"product_tag","embeddable":true,"href":"https:\/\/market.ichararts.com\/fr\/wp-json\/wp\/v2\/product_tag?post=4879"}],"curies":[{"name":"wp","href":"https:\/\/api.w.org\/{rel}","templated":true}]}}