{"id":5228,"date":"2026-01-19T15:50:39","date_gmt":"2026-01-19T15:50:39","guid":{"rendered":"https:\/\/market.ichararts.com\/?post_type=product&#038;p=5228"},"modified":"2026-02-15T17:02:13","modified_gmt":"2026-02-15T17:02:13","slug":"oya","status":"publish","type":"product","link":"https:\/\/market.ichararts.com\/fr\/produit\/oya\/","title":{"rendered":"OYA"},"content":{"rendered":"<p data-start=\"1474\" data-end=\"1559\"><strong data-start=\"1474\" data-end=\"1487\"><span dir=\"auto\" style=\"vertical-align: inherit;\"><span dir=\"auto\" style=\"vertical-align: inherit;\">Technique<\/span><\/span><\/strong><br data-start=\"1487\" data-end=\"1490\" \/><span dir=\"auto\" style=\"vertical-align: inherit;\"><span dir=\"auto\" style=\"vertical-align: inherit;\"> Peinture mixte : <\/span><\/span><br data-start=\"1506\" data-end=\"1509\" \/><span dir=\"auto\" style=\"vertical-align: inherit;\"><span dir=\"auto\" style=\"vertical-align: inherit;\">\u2013 Bombe a\u00e9rosol <\/span><\/span><br data-start=\"1524\" data-end=\"1527\" \/><span dir=\"auto\" style=\"vertical-align: inherit;\"><span dir=\"auto\" style=\"vertical-align: inherit;\">\u2013 Posca <\/span><\/span><br data-start=\"1534\" data-end=\"1537\" \/><span dir=\"auto\" style=\"vertical-align: inherit;\"><span dir=\"auto\" style=\"vertical-align: inherit;\">\u2013 Peinture acrylique<\/span><\/span><\/p>\n<p data-start=\"1561\" data-end=\"1592\"><strong data-start=\"1561\" data-end=\"1575\"><span dir=\"auto\" style=\"vertical-align: inherit;\"><span dir=\"auto\" style=\"vertical-align: inherit;\">Dimensions<\/span><\/span><\/strong><br data-start=\"1575\" data-end=\"1578\" \/><span dir=\"auto\" style=\"vertical-align: inherit;\"><span dir=\"auto\" style=\"vertical-align: inherit;\"> 116 \u00d7 191 cm<\/span><\/span><\/p>\n<p data-start=\"1594\" data-end=\"1630\"><strong data-start=\"1594\" data-end=\"1613\"><span dir=\"auto\" style=\"vertical-align: inherit;\"><span dir=\"auto\" style=\"vertical-align: inherit;\">\u0152uvre originale<\/span><\/span><\/strong><br data-start=\"1613\" data-end=\"1616\" \/><span dir=\"auto\" style=\"vertical-align: inherit;\"><span dir=\"auto\" style=\"vertical-align: inherit;\"> Pi\u00e8ce unique<\/span><\/span><\/p>","protected":false},"excerpt":{"rendered":"<p data-start=\"195\" data-end=\"503\"><em data-start=\"213\" data-end=\"218\"><span dir=\"auto\" style=\"vertical-align: inherit;\"><span dir=\"auto\" style=\"vertical-align: inherit;\">Oya<\/span><\/span><\/em><span dir=\"auto\" style=\"vertical-align: inherit;\"><span dir=\"auto\" style=\"vertical-align: inherit;\"> incarne une pr\u00e9sence f\u00e9minine souveraine, \u00e0 la fois n\u00e9e et lumineuse. Le portrait, pr\u00e9sent\u00e9 de profil, d\u00e9gage une \u00e9l\u00e9gance naturelle et une puissance silencieuse. La posture fi\u00e8re et le port de t\u00eate affirm\u00e9 traduisent une identit\u00e9 assum\u00e9e, une empreinte de sagesse et de d\u00e9termination.<\/span><\/span><\/p>\n<p data-start=\"505\" data-end=\"947\"><span dir=\"auto\" style=\"vertical-align: inherit;\"><span dir=\"auto\" style=\"vertical-align: inherit;\">La composition est port\u00e9e par une palette intense et chaleureuse, o\u00f9 les ocres, les orang\u00e9s, les bleus profonds et les jaunes solaires s&#8217;entrelacent. Le turban, richement orn\u00e9 de motifs g\u00e9om\u00e9triques et de symboles graphiques, devient un v\u00e9ritable langage visuel, \u00e9voquant l&#8217;h\u00e9ritage, la m\u00e9moire et la diversit\u00e9 des cultures africaines. Chaque forme semble raconter une histoire, cr\u00e9ant un dialogue entre tradition et expression contemporaine.<\/span><\/span><\/p>\n<p data-start=\"949\" data-end=\"1230\"><span dir=\"auto\" style=\"vertical-align: inherit;\"><span dir=\"auto\" style=\"vertical-align: inherit;\">Le traitement de la peau, sculpt\u00e9 par la lumi\u00e8re et les contrastes, apporte profondeur et sensualit\u00e9 au visage. Les bijoux, minutieusement d\u00e9taill\u00e9s, renforcent le caract\u00e8re c\u00e9r\u00e9moniel et sacr\u00e9 de la figure, soulignent son r\u00f4le de gardienne, de force vitale et d&#8217;\u00e9nergie cr\u00e9atrice.<\/span><\/span><\/p>\n<p data-start=\"1232\" data-end=\"1472\"><span dir=\"auto\" style=\"vertical-align: inherit;\"><span dir=\"auto\" style=\"vertical-align: inherit;\">\u00c0 travers <\/span><\/span><em data-start=\"1242\" data-end=\"1247\"><span dir=\"auto\" style=\"vertical-align: inherit;\"><span dir=\"auto\" style=\"vertical-align: inherit;\">Oya<\/span><\/span><\/em><span dir=\"auto\" style=\"vertical-align: inherit;\"><span dir=\"auto\" style=\"vertical-align: inherit;\"> , l&#8217;artiste c\u00e9l\u00e8bre la femme comme symbole de puissance, de transmission et de libert\u00e9. L&#8217;\u0153uvre d\u00e9gage une vibration intense, o\u00f9 la couleur, la mati\u00e8re et le regard s&#8217;unissent pour affirmer une identit\u00e9 forte et intemporelle.<\/span><\/span><\/p>\n<p data-start=\"1474\" data-end=\"1559\"><strong data-start=\"1474\" data-end=\"1487\"><span dir=\"auto\" style=\"vertical-align: inherit;\"><span dir=\"auto\" style=\"vertical-align: inherit;\">Technique<\/span><\/span><\/strong><br data-start=\"1487\" data-end=\"1490\" \/><span dir=\"auto\" style=\"vertical-align: inherit;\"><span dir=\"auto\" style=\"vertical-align: inherit;\"> Peinture mixte : <\/span><\/span><br data-start=\"1506\" data-end=\"1509\" \/><span dir=\"auto\" style=\"vertical-align: inherit;\"><span dir=\"auto\" style=\"vertical-align: inherit;\">\u2013 Bombe a\u00e9rosol <\/span><\/span><br data-start=\"1524\" data-end=\"1527\" \/><span dir=\"auto\" style=\"vertical-align: inherit;\"><span dir=\"auto\" style=\"vertical-align: inherit;\">\u2013 Posca <\/span><\/span><br data-start=\"1534\" data-end=\"1537\" \/><span dir=\"auto\" style=\"vertical-align: inherit;\"><span dir=\"auto\" style=\"vertical-align: inherit;\">\u2013 Peinture acrylique<\/span><\/span><\/p>\n<p data-start=\"1561\" data-end=\"1592\"><strong data-start=\"1561\" data-end=\"1575\"><span dir=\"auto\" style=\"vertical-align: inherit;\"><span dir=\"auto\" style=\"vertical-align: inherit;\">Dimensions<\/span><\/span><\/strong><br data-start=\"1575\" data-end=\"1578\" \/><span dir=\"auto\" style=\"vertical-align: inherit;\"><span dir=\"auto\" style=\"vertical-align: inherit;\"> 116 \u00d7 191 cm<\/span><\/span><\/p>\n<p data-start=\"1594\" data-end=\"1630\"><strong data-start=\"1594\" data-end=\"1613\"><span dir=\"auto\" style=\"vertical-align: inherit;\"><span dir=\"auto\" style=\"vertical-align: inherit;\">\u0152uvre originale<\/span><\/span><\/strong><br data-start=\"1613\" data-end=\"1616\" \/><span dir=\"auto\" style=\"vertical-align: inherit;\"><span dir=\"auto\" style=\"vertical-align: inherit;\"> Pi\u00e8ce unique<\/span><\/span><\/p>","protected":false},"featured_media":4839,"comment_status":"open","ping_status":"closed","template":"","meta":{"_acf_changed":false},"product_brand":[],"product_cat":[111],"product_tag":[],"class_list":{"0":"post-5228","1":"product","2":"type-product","3":"status-publish","4":"has-post-thumbnail","6":"product_cat-original-tableaux-2","8":"first","9":"instock","10":"sale","11":"shipping-taxable","12":"purchasable","13":"product-type-variable","14":"has-default-attributes"},"acf":{"choi\u0441e_menu_page":"global_settings","full_width":false,"header_transparent":false,"header_white":false,"menu_type_page":"default","menu_align_page":"default"},"_links":{"self":[{"href":"https:\/\/market.ichararts.com\/fr\/wp-json\/wp\/v2\/product\/5228","targetHints":{"allow":["GET"]}}],"collection":[{"href":"https:\/\/market.ichararts.com\/fr\/wp-json\/wp\/v2\/product"}],"about":[{"href":"https:\/\/market.ichararts.com\/fr\/wp-json\/wp\/v2\/types\/product"}],"replies":[{"embeddable":true,"href":"https:\/\/market.ichararts.com\/fr\/wp-json\/wp\/v2\/comments?post=5228"}],"version-history":[{"count":2,"href":"https:\/\/market.ichararts.com\/fr\/wp-json\/wp\/v2\/product\/5228\/revisions"}],"predecessor-version":[{"id":5474,"href":"https:\/\/market.ichararts.com\/fr\/wp-json\/wp\/v2\/product\/5228\/revisions\/5474"}],"wp:featuredmedia":[{"embeddable":true,"href":"https:\/\/market.ichararts.com\/fr\/wp-json\/wp\/v2\/media\/4839"}],"wp:attachment":[{"href":"https:\/\/market.ichararts.com\/fr\/wp-json\/wp\/v2\/media?parent=5228"}],"wp:term":[{"taxonomy":"product_brand","embeddable":true,"href":"https:\/\/market.ichararts.com\/fr\/wp-json\/wp\/v2\/product_brand?post=5228"},{"taxonomy":"product_cat","embeddable":true,"href":"https:\/\/market.ichararts.com\/fr\/wp-json\/wp\/v2\/product_cat?post=5228"},{"taxonomy":"product_tag","embeddable":true,"href":"https:\/\/market.ichararts.com\/fr\/wp-json\/wp\/v2\/product_tag?post=5228"}],"curies":[{"name":"wp","href":"https:\/\/api.w.org\/{rel}","templated":true}]}}