{"id":5471,"date":"2026-02-15T16:59:55","date_gmt":"2026-02-15T16:59:55","guid":{"rendered":"https:\/\/market.ichararts.com\/?post_type=product&#038;p=5471"},"modified":"2026-02-15T17:00:23","modified_gmt":"2026-02-15T17:00:23","slug":"elegance","status":"publish","type":"product","link":"https:\/\/market.ichararts.com\/fr\/produit\/elegance\/","title":{"rendered":"\u00c9L\u00c9GANCE"},"content":{"rendered":"<h3><b><span dir=\"auto\" style=\"vertical-align: inherit;\"><span dir=\"auto\" style=\"vertical-align: inherit;\">\u00c9l\u00e9gance \u2013 femme au chapeau | \u0152uvre originale &amp; reproductions Beaux-Arts<\/span><\/span><\/b><\/h3>\n<p class=\"p3\"><span class=\"s2\"><b><span dir=\"auto\" style=\"vertical-align: inherit;\"><span dir=\"auto\" style=\"vertical-align: inherit;\">\u00c9l\u00e9gance<\/span><\/span><\/b><\/span><span dir=\"auto\" style=\"vertical-align: inherit;\"><span dir=\"auto\" style=\"vertical-align: inherit;\"> est une \u0153uvre contemporaine repr\u00e9sentant une femme au chapeau, symbole de f\u00e9minit\u00e9, myst\u00e8re et raffinement.<\/span><\/span><\/p>\n<p class=\"p3\"><span dir=\"auto\" style=\"vertical-align: inherit;\"><span dir=\"auto\" style=\"vertical-align: inherit;\">Tableau r\u00e9alis\u00e9 en technique mixte (acrylique, spray) dans un style street art moderne et expressif.<\/span><\/span><\/p>\n<p class=\"p4\"><span class=\"s3\"><span dir=\"auto\" style=\"vertical-align: inherit;\"><span dir=\"auto\" style=\"vertical-align: inherit;\">\ud83d\uddbc <\/span><\/span><\/span><b><span dir=\"auto\" style=\"vertical-align: inherit;\"><span dir=\"auto\" style=\"vertical-align: inherit;\">\u0152uvre originale<\/span><\/span><\/b><b><\/b><\/p>\n<p class=\"p4\"><span class=\"s3\"><span dir=\"auto\" style=\"vertical-align: inherit;\"><span dir=\"auto\" style=\"vertical-align: inherit;\">\ud83d\udda8 <\/span><\/span><\/span><b><span dir=\"auto\" style=\"vertical-align: inherit;\"><span dir=\"auto\" style=\"vertical-align: inherit;\">Disponible aussi en reproductions Fine Art (\u00e9dition limit\u00e9e)<\/span><\/span><\/b><b><\/b><\/p>\n<p class=\"p3\"><span dir=\"auto\" style=\"vertical-align: inherit;\"><span dir=\"auto\" style=\"vertical-align: inherit;\">\u2022 50 \u00d7 40 cm<\/span><\/span><\/p>\n<p class=\"p3\"><span dir=\"auto\" style=\"vertical-align: inherit;\"><span dir=\"auto\" style=\"vertical-align: inherit;\">\u2022 50 \u00d7 70 cm<\/span><\/span><\/p>\n<p class=\"p3\"><span dir=\"auto\" style=\"vertical-align: inherit;\"><span dir=\"auto\" style=\"vertical-align: inherit;\">\u2022 70 \u00d7 100 cm<\/span><\/span><\/p>\n<p class=\"p3\"><span dir=\"auto\" style=\"vertical-align: inherit;\"><span dir=\"auto\" style=\"vertical-align: inherit;\">\u2022 60 \u00d7 80 cm<\/span><\/span><\/p>\n<p class=\"p3\"><span dir=\"auto\" style=\"vertical-align: inherit;\"><span dir=\"auto\" style=\"vertical-align: inherit;\">Impression haute qualit\u00e9 sur papier Fine Art, avec bord blanc discret.<\/span><\/span><\/p>\n<p class=\"p3\"><span dir=\"auto\" style=\"vertical-align: inherit;\"><span dir=\"auto\" style=\"vertical-align: inherit;\">Chaque reproduction est sign\u00e9e.<\/span><\/span><\/p>\n<p class=\"p3\"><span dir=\"auto\" style=\"vertical-align: inherit;\"><span dir=\"auto\" style=\"vertical-align: inherit;\">Cr\u00e9ation originale par Ichar.<\/span><\/span><\/p>","protected":false},"excerpt":{"rendered":"<blockquote><p><span dir=\"auto\" style=\"vertical-align: inherit;\"><span dir=\"auto\" style=\"vertical-align: inherit;\">Tableau \u00ab \u00c9l\u00e9gance \u2013 femme au chapeau \u00bb \u2013 \u0153uvre originale + reproductions Fine Art disponibles. Pi\u00e8ce expressive sign\u00e9e Ichar.<\/span><\/span><\/p><\/blockquote>","protected":false},"featured_media":5470,"comment_status":"open","ping_status":"closed","template":"","meta":{"_acf_changed":false},"product_brand":[],"product_cat":[111],"product_tag":[],"class_list":{"0":"post-5471","1":"product","2":"type-product","3":"status-publish","4":"has-post-thumbnail","6":"product_cat-original-tableaux-2","8":"first","9":"instock","10":"shipping-taxable","11":"purchasable","12":"product-type-simple"},"acf":{"choi\u0441e_menu_page":"global_settings","full_width":false,"header_transparent":false,"header_white":false,"menu_type_page":"default","menu_align_page":"default"},"_links":{"self":[{"href":"https:\/\/market.ichararts.com\/fr\/wp-json\/wp\/v2\/product\/5471","targetHints":{"allow":["GET"]}}],"collection":[{"href":"https:\/\/market.ichararts.com\/fr\/wp-json\/wp\/v2\/product"}],"about":[{"href":"https:\/\/market.ichararts.com\/fr\/wp-json\/wp\/v2\/types\/product"}],"replies":[{"embeddable":true,"href":"https:\/\/market.ichararts.com\/fr\/wp-json\/wp\/v2\/comments?post=5471"}],"version-history":[{"count":2,"href":"https:\/\/market.ichararts.com\/fr\/wp-json\/wp\/v2\/product\/5471\/revisions"}],"predecessor-version":[{"id":5473,"href":"https:\/\/market.ichararts.com\/fr\/wp-json\/wp\/v2\/product\/5471\/revisions\/5473"}],"wp:featuredmedia":[{"embeddable":true,"href":"https:\/\/market.ichararts.com\/fr\/wp-json\/wp\/v2\/media\/5470"}],"wp:attachment":[{"href":"https:\/\/market.ichararts.com\/fr\/wp-json\/wp\/v2\/media?parent=5471"}],"wp:term":[{"taxonomy":"product_brand","embeddable":true,"href":"https:\/\/market.ichararts.com\/fr\/wp-json\/wp\/v2\/product_brand?post=5471"},{"taxonomy":"product_cat","embeddable":true,"href":"https:\/\/market.ichararts.com\/fr\/wp-json\/wp\/v2\/product_cat?post=5471"},{"taxonomy":"product_tag","embeddable":true,"href":"https:\/\/market.ichararts.com\/fr\/wp-json\/wp\/v2\/product_tag?post=5471"}],"curies":[{"name":"wp","href":"https:\/\/api.w.org\/{rel}","templated":true}]}}